{"id":1367,"date":"2023-04-29T22:14:43","date_gmt":"2023-04-29T20:14:43","guid":{"rendered":"http:\/\/lyceealfrednobel.fr\/w\/?page_id=1367"},"modified":"2023-04-29T22:53:57","modified_gmt":"2023-04-29T20:53:57","slug":"bac-pro-2nd-gatl","status":"publish","type":"page","link":"https:\/\/lyceealfrednobel.fr\/w\/formation\/voie-professionnelle\/bac-pro-2nd-gatl\/","title":{"rendered":"CLASSE 2ND PRO GATL"},"content":{"rendered":"\n<div class=\"wp-block-columns is-layout-flex wp-container-core-columns-is-layout-28f84493 wp-block-columns-is-layout-flex\">\n<div class=\"wp-block-column is-layout-flow wp-block-column-is-layout-flow\" style=\"flex-basis:33.33%\">\n<figure class=\"wp-block-image size-large\"><img loading=\"lazy\" decoding=\"async\" width=\"1024\" height=\"807\" src=\"http:\/\/lyceealfrednobel.fr\/w\/wp-content\/uploads\/2023\/04\/CAP-EPC-1024x807.jpg\" alt=\"\" class=\"wp-image-1364\" srcset=\"https:\/\/lyceealfrednobel.fr\/w\/wp-content\/uploads\/2023\/04\/CAP-EPC-1024x807.jpg 1024w, https:\/\/lyceealfrednobel.fr\/w\/wp-content\/uploads\/2023\/04\/CAP-EPC-300x236.jpg 300w, https:\/\/lyceealfrednobel.fr\/w\/wp-content\/uploads\/2023\/04\/CAP-EPC-768x605.jpg 768w, https:\/\/lyceealfrednobel.fr\/w\/wp-content\/uploads\/2023\/04\/CAP-EPC-1536x1211.jpg 1536w, https:\/\/lyceealfrednobel.fr\/w\/wp-content\/uploads\/2023\/04\/CAP-EPC.jpg 1950w\" sizes=\"auto, (max-width: 1024px) 100vw, 1024px\" \/><\/figure>\n<\/div>\n\n\n\n<div class=\"wp-block-column is-vertically-aligned-center is-layout-flow wp-block-column-is-layout-flow\" style=\"flex-basis:66.66%\">\n<h2 class=\"wp-block-heading\" id=\"Bac_pro_Assistance_\u00e0_la_gestion_des_organisations_et_de_leurs_activit\u00e9s\">Classe de seconde professionnelle m\u00e9tiers de la gestion administrative, du transport et de la logistique<\/h2>\n<\/div>\n<\/div>\n\n\n<div class=\"yoast-breadcrumbs\"><span><span><a href=\"https:\/\/lyceealfrednobel.fr\/w\/\">Accueil<\/a><\/span> \u00bb <span><a href=\"https:\/\/lyceealfrednobel.fr\/w\/formation\/\">FORMATIONS<\/a><\/span> \u00bb <span><a href=\"https:\/\/lyceealfrednobel.fr\/w\/formation\/voie-professionnelle\/\">Voie Professionnelle<\/a><\/span> \u00bb <span class=\"breadcrumb_last\" aria-current=\"page\">CLASSE 2ND PRO GATL<\/span><\/span><\/div>\n\n\n<div class=\"wp-block-columns is-layout-flex wp-container-core-columns-is-layout-28f84493 wp-block-columns-is-layout-flex\">\n<div class=\"wp-block-column is-layout-flow wp-block-column-is-layout-flow\" style=\"flex-basis:5%\"><\/div>\n\n\n\n<div class=\"wp-block-column is-layout-flow wp-block-column-is-layout-flow\" style=\"flex-basis:80%\">\n<h3 class=\"wp-block-heading has-vivid-red-color has-text-color\"><span class=\"underline\" style=\"text-decoration: underline\">Qu&rsquo;est ce que la classe de seconde professionnelle GATL ?<\/span><\/h3>\n\n\n\n<p>La 2<sup><em>de<\/em><\/sup> professionnelle <strong>m\u00e9tiers de la gestion administrative, du transport et de la logistique<\/strong> regroupe les m\u00e9tiers concern\u00e9s par 5 grandes comp\u00e9tences professionnelles communes aux 3 sp\u00e9cialit\u00e9s de baccalaur\u00e9at professionnel : assistance \u00e0 la gestion des organisations et de leurs activit\u00e9s ; organisation de transport de marchandises ; logistique.<\/p>\n\n\n\n<p>L&rsquo;\u00e9l\u00e8ve de cette 2<sup><em>de<\/em><\/sup> professionnelle pourra acqu\u00e9rir des comp\u00e9tences communes portant sur :<\/p>\n\n\n\n<ul class=\"wp-block-list\">\n<li>les activit\u00e9s li\u00e9es \u00e0 l&rsquo;accueil et aux relations directes avec des clients, des fournisseurs ;<\/li>\n\n\n\n<li>les activit\u00e9s d&rsquo;organisation et de planning, de gestion de l&rsquo;agenda ;<\/li>\n\n\n\n<li>les activit\u00e9s de contr\u00f4le et de respect des d\u00e9lais et des \u00e9ch\u00e9ances de devis, de commandes&#8230;<\/li>\n\n\n\n<li>les activit\u00e9s de gestion : commandes, facturation, comptabilit\u00e9&#8230; de flux de marchandises : exp\u00e9ditions, livraisons, acheminement&#8230;<\/li>\n\n\n\n<li>le respect des normes r\u00e9glementaires et juridiques.<\/li>\n<\/ul>\n\n\n\n<p>Autant d&rsquo;activit\u00e9s essentielles pour assurer \u00e0 la fois l&rsquo;efficacit\u00e9 interne des entreprises, leur fonctionnement et servir au mieux les clients.<\/p>\n\n\n\n<h3 class=\"wp-block-heading has-vivid-red-color has-text-color\"><span class=\"underline\" style=\"text-decoration: underline\">Comment int\u00e9grer la classe de seconde profesionnelle GATL ?<\/span><\/h3>\n\n\n\n<p>La 2<sup><em>de<\/em><\/sup> professionnelle <strong>m\u00e9tiers de la gestion administrative, du transport et de la logistique<\/strong> se pr\u00e9pare apr\u00e8s la classe de 3<sup><em>e<\/em><\/sup> .<\/p>\n\n\n\n<p>Les \u00e9l\u00e8ves choisissent, en fin de 3<sup><em>e<\/em><\/sup> ,cette famille de m\u00e9tiers s&rsquo;ils sont int\u00e9ress\u00e9s par l&rsquo;apprentissage de comp\u00e9tences professionnelles li\u00e9s \u00e0 la gestion administrative, au transport et \u00e0 la logistique, en vue de pr\u00e9parer une des sp\u00e9cialit\u00e9s de baccalaur\u00e9at professionnel.<\/p>\n\n\n\n<h3 class=\"wp-block-heading has-vivid-red-color has-text-color\"><span style=\"text-decoration: underline\" class=\"underline\">Les poursuites d&rsquo;\u00e9tudes<\/span><\/h3>\n\n\n\n<div class=\"wp-block-columns is-layout-flex wp-container-core-columns-is-layout-28f84493 wp-block-columns-is-layout-flex\">\n<div class=\"wp-block-column is-layout-flow wp-block-column-is-layout-flow\">\n<p style=\"font-size:16px\">Apr\u00e8s la 2<sup><em>de<\/em><\/sup> professionnelle <strong>m\u00e9tiers de la gestion administrative, du transport et de la logistique<\/strong>, les \u00e9l\u00e8ves passent en classe de 1<sup><em>re<\/em><\/sup> professionnelle dans une des sp\u00e9cialit\u00e9s de bac professionnel choisies : assistance \u00e0 la gestion des organisations et de leurs activit\u00e9s (AGOrA)&nbsp;; organisation de transport de marchandises ; logistique.<\/p>\n<\/div>\n\n\n\n<div class=\"wp-block-column is-layout-flow wp-block-column-is-layout-flow\">\n<p style=\"font-size:16px\"><span class=\"underline\" style=\"text-decoration: underline\">Exemple(s) de formation(s) possible(s)<\/span><\/p>\n\n\n\n<ul class=\"wp-block-list\">\n<li><a href=\"https:\/\/www.onisep.fr\/ressources\/univers-formation\/Formations\/Lycees\/bac-pro-assistance-a-la-gestion-des-organisations-et-de-leurs-activites\">Bac pro Assistance \u00e0 la gestion des organisations et de leurs activit\u00e9s<\/a><\/li>\n\n\n\n<li><a href=\"https:\/\/www.onisep.fr\/ressources\/univers-formation\/Formations\/Lycees\/bac-pro-logistique\">Bac pro logistique<\/a><\/li>\n\n\n\n<li><a href=\"https:\/\/www.onisep.fr\/ressources\/univers-formation\/Formations\/Lycees\/bac-pro-organisation-de-transport-de-marchandises\">Bac pro organisation de transport de marchandises<\/a><\/li>\n<\/ul>\n<\/div>\n<\/div>\n\n\n\n<h3 class=\"wp-block-heading has-vivid-red-color has-text-color\"><\/h3>\n<\/div>\n\n\n\n<div class=\"wp-block-column is-layout-flow wp-block-column-is-layout-flow\" style=\"flex-basis:10%\"><\/div>\n<\/div>\n","protected":false},"excerpt":{"rendered":"<p>Classe de seconde professionnelle m\u00e9tiers de la gestion administrative, du transport et de la logistique Qu&rsquo;est ce que la classe [&hellip;]<\/p>\n","protected":false},"author":1,"featured_media":0,"parent":986,"menu_order":0,"comment_status":"closed","ping_status":"closed","template":"","meta":{"_uag_custom_page_level_css":"","site-sidebar-layout":"default","site-content-layout":"","ast-site-content-layout":"","site-content-style":"default","site-sidebar-style":"default","ast-global-header-display":"","ast-banner-title-visibility":"","ast-main-header-display":"","ast-hfb-above-header-display":"","ast-hfb-below-header-display":"","ast-hfb-mobile-header-display":"","site-post-title":"","ast-breadcrumbs-content":"","ast-featured-img":"","footer-sml-layout":"","theme-transparent-header-meta":"","adv-header-id-meta":"","stick-header-meta":"","header-above-stick-meta":"","header-main-stick-meta":"","header-below-stick-meta":"","astra-migrate-meta-layouts":"default","ast-page-background-enabled":"default","ast-page-background-meta":{"desktop":{"background-color":"var(--ast-global-color-4)","background-image":"","background-repeat":"repeat","background-position":"center center","background-size":"auto","background-attachment":"scroll","background-type":"","background-media":"","overlay-type":"","overlay-color":"","overlay-opacity":"","overlay-gradient":""},"tablet":{"background-color":"","background-image":"","background-repeat":"repeat","background-position":"center center","background-size":"auto","background-attachment":"scroll","background-type":"","background-media":"","overlay-type":"","overlay-color":"","overlay-opacity":"","overlay-gradient":""},"mobile":{"background-color":"","background-image":"","background-repeat":"repeat","background-position":"center center","background-size":"auto","background-attachment":"scroll","background-type":"","background-media":"","overlay-type":"","overlay-color":"","overlay-opacity":"","overlay-gradient":""}},"ast-content-background-meta":{"desktop":{"background-color":"var(--ast-global-color-5)","background-image":"","background-repeat":"repeat","background-position":"center center","background-size":"auto","background-attachment":"scroll","background-type":"","background-media":"","overlay-type":"","overlay-color":"","overlay-opacity":"","overlay-gradient":""},"tablet":{"background-color":"var(--ast-global-color-5)","background-image":"","background-repeat":"repeat","background-position":"center center","background-size":"auto","background-attachment":"scroll","background-type":"","background-media":"","overlay-type":"","overlay-color":"","overlay-opacity":"","overlay-gradient":""},"mobile":{"background-color":"var(--ast-global-color-5)","background-image":"","background-repeat":"repeat","background-position":"center center","background-size":"auto","background-attachment":"scroll","background-type":"","background-media":"","overlay-type":"","overlay-color":"","overlay-opacity":"","overlay-gradient":""}},"footnotes":""},"class_list":["post-1367","page","type-page","status-publish","hentry"],"yoast_head":"<!-- This site is optimized with the Yoast SEO plugin v26.7 - https:\/\/yoast.com\/wordpress\/plugins\/seo\/ -->\n<title>CLASSE 2ND PRO GATL -<\/title>\n<meta name=\"robots\" content=\"index, follow, max-snippet:-1, max-image-preview:large, max-video-preview:-1\" \/>\n<link rel=\"canonical\" href=\"https:\/\/lyceealfrednobel.fr\/w\/formation\/voie-professionnelle\/bac-pro-2nd-gatl\/\" \/>\n<meta property=\"og:locale\" content=\"fr_FR\" \/>\n<meta property=\"og:type\" content=\"article\" \/>\n<meta property=\"og:title\" content=\"CLASSE 2ND PRO GATL -\" \/>\n<meta property=\"og:description\" content=\"Classe de seconde professionnelle m\u00e9tiers de la gestion administrative, du transport et de la logistique Qu&rsquo;est ce que la classe [&hellip;]\" \/>\n<meta property=\"og:url\" content=\"https:\/\/lyceealfrednobel.fr\/w\/formation\/voie-professionnelle\/bac-pro-2nd-gatl\/\" \/>\n<meta property=\"article:modified_time\" content=\"2023-04-29T20:53:57+00:00\" \/>\n<meta property=\"og:image\" content=\"http:\/\/lyceealfrednobel.fr\/w\/wp-content\/uploads\/2023\/04\/CAP-EPC-1024x807.jpg\" \/>\n<meta name=\"twitter:card\" content=\"summary_large_image\" \/>\n<meta name=\"twitter:label1\" content=\"Dur\u00e9e de lecture estim\u00e9e\" \/>\n\t<meta name=\"twitter:data1\" content=\"2 minutes\" \/>\n<script type=\"application\/ld+json\" class=\"yoast-schema-graph\">{\"@context\":\"https:\/\/schema.org\",\"@graph\":[{\"@type\":\"WebPage\",\"@id\":\"https:\/\/lyceealfrednobel.fr\/w\/formation\/voie-professionnelle\/bac-pro-2nd-gatl\/\",\"url\":\"https:\/\/lyceealfrednobel.fr\/w\/formation\/voie-professionnelle\/bac-pro-2nd-gatl\/\",\"name\":\"CLASSE 2ND PRO GATL -\",\"isPartOf\":{\"@id\":\"https:\/\/lyceealfrednobel.fr\/w\/#website\"},\"primaryImageOfPage\":{\"@id\":\"https:\/\/lyceealfrednobel.fr\/w\/formation\/voie-professionnelle\/bac-pro-2nd-gatl\/#primaryimage\"},\"image\":{\"@id\":\"https:\/\/lyceealfrednobel.fr\/w\/formation\/voie-professionnelle\/bac-pro-2nd-gatl\/#primaryimage\"},\"thumbnailUrl\":\"http:\/\/lyceealfrednobel.fr\/w\/wp-content\/uploads\/2023\/04\/CAP-EPC-1024x807.jpg\",\"datePublished\":\"2023-04-29T20:14:43+00:00\",\"dateModified\":\"2023-04-29T20:53:57+00:00\",\"breadcrumb\":{\"@id\":\"https:\/\/lyceealfrednobel.fr\/w\/formation\/voie-professionnelle\/bac-pro-2nd-gatl\/#breadcrumb\"},\"inLanguage\":\"fr-FR\",\"potentialAction\":[{\"@type\":\"ReadAction\",\"target\":[\"https:\/\/lyceealfrednobel.fr\/w\/formation\/voie-professionnelle\/bac-pro-2nd-gatl\/\"]}]},{\"@type\":\"ImageObject\",\"inLanguage\":\"fr-FR\",\"@id\":\"https:\/\/lyceealfrednobel.fr\/w\/formation\/voie-professionnelle\/bac-pro-2nd-gatl\/#primaryimage\",\"url\":\"https:\/\/lyceealfrednobel.fr\/w\/wp-content\/uploads\/2023\/04\/CAP-EPC.jpg\",\"contentUrl\":\"https:\/\/lyceealfrednobel.fr\/w\/wp-content\/uploads\/2023\/04\/CAP-EPC.jpg\",\"width\":1950,\"height\":1537,\"caption\":\"Portrait of a happy Latin American people working at a hardware store and looking at the inventory on a computer\"},{\"@type\":\"BreadcrumbList\",\"@id\":\"https:\/\/lyceealfrednobel.fr\/w\/formation\/voie-professionnelle\/bac-pro-2nd-gatl\/#breadcrumb\",\"itemListElement\":[{\"@type\":\"ListItem\",\"position\":1,\"name\":\"Accueil\",\"item\":\"https:\/\/lyceealfrednobel.fr\/w\/\"},{\"@type\":\"ListItem\",\"position\":2,\"name\":\"FORMATIONS\",\"item\":\"https:\/\/lyceealfrednobel.fr\/w\/formation\/\"},{\"@type\":\"ListItem\",\"position\":3,\"name\":\"Voie Professionnelle\",\"item\":\"https:\/\/lyceealfrednobel.fr\/w\/formation\/voie-professionnelle\/\"},{\"@type\":\"ListItem\",\"position\":4,\"name\":\"CLASSE 2ND PRO GATL\"}]},{\"@type\":\"WebSite\",\"@id\":\"https:\/\/lyceealfrednobel.fr\/w\/#website\",\"url\":\"https:\/\/lyceealfrednobel.fr\/w\/\",\"name\":\"Lycee Alfred Nobel\",\"description\":\"\",\"publisher\":{\"@id\":\"https:\/\/lyceealfrednobel.fr\/w\/#organization\"},\"potentialAction\":[{\"@type\":\"SearchAction\",\"target\":{\"@type\":\"EntryPoint\",\"urlTemplate\":\"https:\/\/lyceealfrednobel.fr\/w\/?s={search_term_string}\"},\"query-input\":{\"@type\":\"PropertyValueSpecification\",\"valueRequired\":true,\"valueName\":\"search_term_string\"}}],\"inLanguage\":\"fr-FR\"},{\"@type\":\"Organization\",\"@id\":\"https:\/\/lyceealfrednobel.fr\/w\/#organization\",\"name\":\"Lycee Alfred Nobel\",\"url\":\"https:\/\/lyceealfrednobel.fr\/w\/\",\"logo\":{\"@type\":\"ImageObject\",\"inLanguage\":\"fr-FR\",\"@id\":\"https:\/\/lyceealfrednobel.fr\/w\/#\/schema\/logo\/image\/\",\"url\":\"https:\/\/lyceealfrednobel.fr\/w\/wp-content\/uploads\/2022\/06\/cropped-logopng.png\",\"contentUrl\":\"https:\/\/lyceealfrednobel.fr\/w\/wp-content\/uploads\/2022\/06\/cropped-logopng.png\",\"width\":132,\"height\":155,\"caption\":\"Lycee Alfred Nobel\"},\"image\":{\"@id\":\"https:\/\/lyceealfrednobel.fr\/w\/#\/schema\/logo\/image\/\"}}]}<\/script>\n<!-- \/ Yoast SEO plugin. -->","yoast_head_json":{"title":"CLASSE 2ND PRO GATL -","robots":{"index":"index","follow":"follow","max-snippet":"max-snippet:-1","max-image-preview":"max-image-preview:large","max-video-preview":"max-video-preview:-1"},"canonical":"https:\/\/lyceealfrednobel.fr\/w\/formation\/voie-professionnelle\/bac-pro-2nd-gatl\/","og_locale":"fr_FR","og_type":"article","og_title":"CLASSE 2ND PRO GATL -","og_description":"Classe de seconde professionnelle m\u00e9tiers de la gestion administrative, du transport et de la logistique Qu&rsquo;est ce que la classe [&hellip;]","og_url":"https:\/\/lyceealfrednobel.fr\/w\/formation\/voie-professionnelle\/bac-pro-2nd-gatl\/","article_modified_time":"2023-04-29T20:53:57+00:00","og_image":[{"url":"http:\/\/lyceealfrednobel.fr\/w\/wp-content\/uploads\/2023\/04\/CAP-EPC-1024x807.jpg","type":"","width":"","height":""}],"twitter_card":"summary_large_image","twitter_misc":{"Dur\u00e9e de lecture estim\u00e9e":"2 minutes"},"schema":{"@context":"https:\/\/schema.org","@graph":[{"@type":"WebPage","@id":"https:\/\/lyceealfrednobel.fr\/w\/formation\/voie-professionnelle\/bac-pro-2nd-gatl\/","url":"https:\/\/lyceealfrednobel.fr\/w\/formation\/voie-professionnelle\/bac-pro-2nd-gatl\/","name":"CLASSE 2ND PRO GATL -","isPartOf":{"@id":"https:\/\/lyceealfrednobel.fr\/w\/#website"},"primaryImageOfPage":{"@id":"https:\/\/lyceealfrednobel.fr\/w\/formation\/voie-professionnelle\/bac-pro-2nd-gatl\/#primaryimage"},"image":{"@id":"https:\/\/lyceealfrednobel.fr\/w\/formation\/voie-professionnelle\/bac-pro-2nd-gatl\/#primaryimage"},"thumbnailUrl":"http:\/\/lyceealfrednobel.fr\/w\/wp-content\/uploads\/2023\/04\/CAP-EPC-1024x807.jpg","datePublished":"2023-04-29T20:14:43+00:00","dateModified":"2023-04-29T20:53:57+00:00","breadcrumb":{"@id":"https:\/\/lyceealfrednobel.fr\/w\/formation\/voie-professionnelle\/bac-pro-2nd-gatl\/#breadcrumb"},"inLanguage":"fr-FR","potentialAction":[{"@type":"ReadAction","target":["https:\/\/lyceealfrednobel.fr\/w\/formation\/voie-professionnelle\/bac-pro-2nd-gatl\/"]}]},{"@type":"ImageObject","inLanguage":"fr-FR","@id":"https:\/\/lyceealfrednobel.fr\/w\/formation\/voie-professionnelle\/bac-pro-2nd-gatl\/#primaryimage","url":"https:\/\/lyceealfrednobel.fr\/w\/wp-content\/uploads\/2023\/04\/CAP-EPC.jpg","contentUrl":"https:\/\/lyceealfrednobel.fr\/w\/wp-content\/uploads\/2023\/04\/CAP-EPC.jpg","width":1950,"height":1537,"caption":"Portrait of a happy Latin American people working at a hardware store and looking at the inventory on a computer"},{"@type":"BreadcrumbList","@id":"https:\/\/lyceealfrednobel.fr\/w\/formation\/voie-professionnelle\/bac-pro-2nd-gatl\/#breadcrumb","itemListElement":[{"@type":"ListItem","position":1,"name":"Accueil","item":"https:\/\/lyceealfrednobel.fr\/w\/"},{"@type":"ListItem","position":2,"name":"FORMATIONS","item":"https:\/\/lyceealfrednobel.fr\/w\/formation\/"},{"@type":"ListItem","position":3,"name":"Voie Professionnelle","item":"https:\/\/lyceealfrednobel.fr\/w\/formation\/voie-professionnelle\/"},{"@type":"ListItem","position":4,"name":"CLASSE 2ND PRO GATL"}]},{"@type":"WebSite","@id":"https:\/\/lyceealfrednobel.fr\/w\/#website","url":"https:\/\/lyceealfrednobel.fr\/w\/","name":"Lycee Alfred Nobel","description":"","publisher":{"@id":"https:\/\/lyceealfrednobel.fr\/w\/#organization"},"potentialAction":[{"@type":"SearchAction","target":{"@type":"EntryPoint","urlTemplate":"https:\/\/lyceealfrednobel.fr\/w\/?s={search_term_string}"},"query-input":{"@type":"PropertyValueSpecification","valueRequired":true,"valueName":"search_term_string"}}],"inLanguage":"fr-FR"},{"@type":"Organization","@id":"https:\/\/lyceealfrednobel.fr\/w\/#organization","name":"Lycee Alfred Nobel","url":"https:\/\/lyceealfrednobel.fr\/w\/","logo":{"@type":"ImageObject","inLanguage":"fr-FR","@id":"https:\/\/lyceealfrednobel.fr\/w\/#\/schema\/logo\/image\/","url":"https:\/\/lyceealfrednobel.fr\/w\/wp-content\/uploads\/2022\/06\/cropped-logopng.png","contentUrl":"https:\/\/lyceealfrednobel.fr\/w\/wp-content\/uploads\/2022\/06\/cropped-logopng.png","width":132,"height":155,"caption":"Lycee Alfred Nobel"},"image":{"@id":"https:\/\/lyceealfrednobel.fr\/w\/#\/schema\/logo\/image\/"}}]}},"uagb_featured_image_src":{"full":false,"thumbnail":false,"medium":false,"medium_large":false,"large":false,"1536x1536":false,"2048x2048":false,"ultp_layout_landscape_large":false,"ultp_layout_landscape":false,"ultp_layout_portrait":false,"ultp_layout_square":false,"psacp-medium":false},"uagb_author_info":{"display_name":"yheurteloup","author_link":"https:\/\/lyceealfrednobel.fr\/w\/author\/yheurteloup\/"},"uagb_comment_info":0,"uagb_excerpt":"Classe de seconde professionnelle m\u00e9tiers de la gestion administrative, du transport et de la logistique Qu&rsquo;est ce que la classe [&hellip;]","rttpg_featured_image_url":null,"rttpg_author":{"display_name":"yheurteloup","author_link":"https:\/\/lyceealfrednobel.fr\/w\/author\/yheurteloup\/"},"rttpg_comment":0,"rttpg_category":null,"rttpg_excerpt":"Classe de seconde professionnelle m\u00e9tiers de la gestion administrative, du transport et de la logistique Qu&rsquo;est ce que la classe [&hellip;]","_links":{"self":[{"href":"https:\/\/lyceealfrednobel.fr\/w\/wp-json\/wp\/v2\/pages\/1367","targetHints":{"allow":["GET"]}}],"collection":[{"href":"https:\/\/lyceealfrednobel.fr\/w\/wp-json\/wp\/v2\/pages"}],"about":[{"href":"https:\/\/lyceealfrednobel.fr\/w\/wp-json\/wp\/v2\/types\/page"}],"author":[{"embeddable":true,"href":"https:\/\/lyceealfrednobel.fr\/w\/wp-json\/wp\/v2\/users\/1"}],"replies":[{"embeddable":true,"href":"https:\/\/lyceealfrednobel.fr\/w\/wp-json\/wp\/v2\/comments?post=1367"}],"version-history":[{"count":2,"href":"https:\/\/lyceealfrednobel.fr\/w\/wp-json\/wp\/v2\/pages\/1367\/revisions"}],"predecessor-version":[{"id":1377,"href":"https:\/\/lyceealfrednobel.fr\/w\/wp-json\/wp\/v2\/pages\/1367\/revisions\/1377"}],"up":[{"embeddable":true,"href":"https:\/\/lyceealfrednobel.fr\/w\/wp-json\/wp\/v2\/pages\/986"}],"wp:attachment":[{"href":"https:\/\/lyceealfrednobel.fr\/w\/wp-json\/wp\/v2\/media?parent=1367"}],"curies":[{"name":"wp","href":"https:\/\/api.w.org\/{rel}","templated":true}]}}