{"id":522,"date":"2022-10-13T10:48:18","date_gmt":"2022-10-13T08:48:18","guid":{"rendered":"http:\/\/lyceealfrednobel.fr\/w\/?page_id=522"},"modified":"2022-10-13T10:49:58","modified_gmt":"2022-10-13T08:49:58","slug":"bourse","status":"publish","type":"page","link":"https:\/\/lyceealfrednobel.fr\/w\/services-lycee\/bourse\/","title":{"rendered":"Bourse"},"content":{"rendered":"\n<p><strong><span style=\"text-decoration: underline\" class=\"underline\">Bourse Lyc\u00e9e :<\/span><\/strong><\/p>\n\n\n\n<p>La campagne de bourse nationale de lyc\u00e9e pour l&rsquo;ann\u00e9e scolaire 2022-2023 est ouverte jusqu&rsquo; au 18 octobre 2022.<\/p>\n\n\n\n<p>Les dossiers sont \u00e0 retirer au service intendance du lyc\u00e9e ou \u00e0 t\u00e9l\u00e9charger sur le site :<\/p>\n\n\n\n<p>lien :<a href=\"https:\/\/www.education.gouv.fr\/les-bourses-de-college-et-de-lycee-326728\" target=\"_blank\" rel=\"noreferrer noopener\">https:\/\/www.education.gouv.fr\/les-bourses-de-college-et-de-lycee-326728<\/a><\/p>\n\n\n\n<p><strong><span style=\"text-decoration: underline\" class=\"underline\">Bourse CROUS :<\/span><\/strong><\/p>\n\n\n\n<p>les information pour le dossier social \u00e9tudiant (DSE) sont \u00e0 consulter sur le site :<\/p>\n\n\n\n<p>lien : <a href=\"https:\/\/www.etudiant.gouv.fr\/fr\" target=\"_blank\" rel=\"noreferrer noopener\">https:\/\/www.etudiant.gouv.fr\/fr<\/a><\/p>\n","protected":false},"excerpt":{"rendered":"<p>Bourse Lyc\u00e9e : La campagne de bourse nationale de lyc\u00e9e pour l&rsquo;ann\u00e9e scolaire 2022-2023 est ouverte jusqu&rsquo; au 18 octobre [&hellip;]<\/p>\n","protected":false},"author":1,"featured_media":0,"parent":524,"menu_order":0,"comment_status":"closed","ping_status":"closed","template":"","meta":{"_uag_custom_page_level_css":"","site-sidebar-layout":"default","site-content-layout":"","ast-site-content-layout":"","site-content-style":"default","site-sidebar-style":"default","ast-global-header-display":"","ast-banner-title-visibility":"","ast-main-header-display":"","ast-hfb-above-header-display":"","ast-hfb-below-header-display":"","ast-hfb-mobile-header-display":"","site-post-title":"","ast-breadcrumbs-content":"","ast-featured-img":"","footer-sml-layout":"","theme-transparent-header-meta":"","adv-header-id-meta":"","stick-header-meta":"","header-above-stick-meta":"","header-main-stick-meta":"","header-below-stick-meta":"","astra-migrate-meta-layouts":"default","ast-page-background-enabled":"default","ast-page-background-meta":{"desktop":{"background-color":"var(--ast-global-color-4)","background-image":"","background-repeat":"repeat","background-position":"center center","background-size":"auto","background-attachment":"scroll","background-type":"","background-media":"","overlay-type":"","overlay-color":"","overlay-opacity":"","overlay-gradient":""},"tablet":{"background-color":"","background-image":"","background-repeat":"repeat","background-position":"center center","background-size":"auto","background-attachment":"scroll","background-type":"","background-media":"","overlay-type":"","overlay-color":"","overlay-opacity":"","overlay-gradient":""},"mobile":{"background-color":"","background-image":"","background-repeat":"repeat","background-position":"center center","background-size":"auto","background-attachment":"scroll","background-type":"","background-media":"","overlay-type":"","overlay-color":"","overlay-opacity":"","overlay-gradient":""}},"ast-content-background-meta":{"desktop":{"background-color":"var(--ast-global-color-5)","background-image":"","background-repeat":"repeat","background-position":"center center","background-size":"auto","background-attachment":"scroll","background-type":"","background-media":"","overlay-type":"","overlay-color":"","overlay-opacity":"","overlay-gradient":""},"tablet":{"background-color":"var(--ast-global-color-5)","background-image":"","background-repeat":"repeat","background-position":"center center","background-size":"auto","background-attachment":"scroll","background-type":"","background-media":"","overlay-type":"","overlay-color":"","overlay-opacity":"","overlay-gradient":""},"mobile":{"background-color":"var(--ast-global-color-5)","background-image":"","background-repeat":"repeat","background-position":"center center","background-size":"auto","background-attachment":"scroll","background-type":"","background-media":"","overlay-type":"","overlay-color":"","overlay-opacity":"","overlay-gradient":""}},"footnotes":""},"class_list":["post-522","page","type-page","status-publish","hentry"],"yoast_head":"<!-- This site is optimized with the Yoast SEO plugin v26.7 - https:\/\/yoast.com\/wordpress\/plugins\/seo\/ -->\n<title>Bourse -<\/title>\n<meta name=\"robots\" content=\"index, follow, max-snippet:-1, max-image-preview:large, max-video-preview:-1\" \/>\n<link rel=\"canonical\" href=\"https:\/\/lyceealfrednobel.fr\/w\/services-lycee\/bourse\/\" \/>\n<meta property=\"og:locale\" content=\"fr_FR\" \/>\n<meta property=\"og:type\" content=\"article\" \/>\n<meta property=\"og:title\" content=\"Bourse -\" \/>\n<meta property=\"og:description\" content=\"Bourse Lyc\u00e9e : La campagne de bourse nationale de lyc\u00e9e pour l&rsquo;ann\u00e9e scolaire 2022-2023 est ouverte jusqu&rsquo; au 18 octobre [&hellip;]\" \/>\n<meta property=\"og:url\" content=\"https:\/\/lyceealfrednobel.fr\/w\/services-lycee\/bourse\/\" \/>\n<meta property=\"article:modified_time\" content=\"2022-10-13T08:49:58+00:00\" \/>\n<meta name=\"twitter:card\" content=\"summary_large_image\" \/>\n<script type=\"application\/ld+json\" class=\"yoast-schema-graph\">{\"@context\":\"https:\/\/schema.org\",\"@graph\":[{\"@type\":\"WebPage\",\"@id\":\"https:\/\/lyceealfrednobel.fr\/w\/services-lycee\/bourse\/\",\"url\":\"https:\/\/lyceealfrednobel.fr\/w\/services-lycee\/bourse\/\",\"name\":\"Bourse -\",\"isPartOf\":{\"@id\":\"https:\/\/lyceealfrednobel.fr\/w\/#website\"},\"datePublished\":\"2022-10-13T08:48:18+00:00\",\"dateModified\":\"2022-10-13T08:49:58+00:00\",\"breadcrumb\":{\"@id\":\"https:\/\/lyceealfrednobel.fr\/w\/services-lycee\/bourse\/#breadcrumb\"},\"inLanguage\":\"fr-FR\",\"potentialAction\":[{\"@type\":\"ReadAction\",\"target\":[\"https:\/\/lyceealfrednobel.fr\/w\/services-lycee\/bourse\/\"]}]},{\"@type\":\"BreadcrumbList\",\"@id\":\"https:\/\/lyceealfrednobel.fr\/w\/services-lycee\/bourse\/#breadcrumb\",\"itemListElement\":[{\"@type\":\"ListItem\",\"position\":1,\"name\":\"Accueil\",\"item\":\"https:\/\/lyceealfrednobel.fr\/w\/\"},{\"@type\":\"ListItem\",\"position\":2,\"name\":\"SERVICES LYCEE\",\"item\":\"https:\/\/lyceealfrednobel.fr\/w\/services-lycee\/\"},{\"@type\":\"ListItem\",\"position\":3,\"name\":\"Bourse\"}]},{\"@type\":\"WebSite\",\"@id\":\"https:\/\/lyceealfrednobel.fr\/w\/#website\",\"url\":\"https:\/\/lyceealfrednobel.fr\/w\/\",\"name\":\"Lycee Alfred Nobel\",\"description\":\"\",\"publisher\":{\"@id\":\"https:\/\/lyceealfrednobel.fr\/w\/#organization\"},\"potentialAction\":[{\"@type\":\"SearchAction\",\"target\":{\"@type\":\"EntryPoint\",\"urlTemplate\":\"https:\/\/lyceealfrednobel.fr\/w\/?s={search_term_string}\"},\"query-input\":{\"@type\":\"PropertyValueSpecification\",\"valueRequired\":true,\"valueName\":\"search_term_string\"}}],\"inLanguage\":\"fr-FR\"},{\"@type\":\"Organization\",\"@id\":\"https:\/\/lyceealfrednobel.fr\/w\/#organization\",\"name\":\"Lycee Alfred Nobel\",\"url\":\"https:\/\/lyceealfrednobel.fr\/w\/\",\"logo\":{\"@type\":\"ImageObject\",\"inLanguage\":\"fr-FR\",\"@id\":\"https:\/\/lyceealfrednobel.fr\/w\/#\/schema\/logo\/image\/\",\"url\":\"https:\/\/lyceealfrednobel.fr\/w\/wp-content\/uploads\/2022\/06\/cropped-logopng.png\",\"contentUrl\":\"https:\/\/lyceealfrednobel.fr\/w\/wp-content\/uploads\/2022\/06\/cropped-logopng.png\",\"width\":132,\"height\":155,\"caption\":\"Lycee Alfred Nobel\"},\"image\":{\"@id\":\"https:\/\/lyceealfrednobel.fr\/w\/#\/schema\/logo\/image\/\"}}]}<\/script>\n<!-- \/ Yoast SEO plugin. -->","yoast_head_json":{"title":"Bourse -","robots":{"index":"index","follow":"follow","max-snippet":"max-snippet:-1","max-image-preview":"max-image-preview:large","max-video-preview":"max-video-preview:-1"},"canonical":"https:\/\/lyceealfrednobel.fr\/w\/services-lycee\/bourse\/","og_locale":"fr_FR","og_type":"article","og_title":"Bourse -","og_description":"Bourse Lyc\u00e9e : La campagne de bourse nationale de lyc\u00e9e pour l&rsquo;ann\u00e9e scolaire 2022-2023 est ouverte jusqu&rsquo; au 18 octobre [&hellip;]","og_url":"https:\/\/lyceealfrednobel.fr\/w\/services-lycee\/bourse\/","article_modified_time":"2022-10-13T08:49:58+00:00","twitter_card":"summary_large_image","schema":{"@context":"https:\/\/schema.org","@graph":[{"@type":"WebPage","@id":"https:\/\/lyceealfrednobel.fr\/w\/services-lycee\/bourse\/","url":"https:\/\/lyceealfrednobel.fr\/w\/services-lycee\/bourse\/","name":"Bourse -","isPartOf":{"@id":"https:\/\/lyceealfrednobel.fr\/w\/#website"},"datePublished":"2022-10-13T08:48:18+00:00","dateModified":"2022-10-13T08:49:58+00:00","breadcrumb":{"@id":"https:\/\/lyceealfrednobel.fr\/w\/services-lycee\/bourse\/#breadcrumb"},"inLanguage":"fr-FR","potentialAction":[{"@type":"ReadAction","target":["https:\/\/lyceealfrednobel.fr\/w\/services-lycee\/bourse\/"]}]},{"@type":"BreadcrumbList","@id":"https:\/\/lyceealfrednobel.fr\/w\/services-lycee\/bourse\/#breadcrumb","itemListElement":[{"@type":"ListItem","position":1,"name":"Accueil","item":"https:\/\/lyceealfrednobel.fr\/w\/"},{"@type":"ListItem","position":2,"name":"SERVICES LYCEE","item":"https:\/\/lyceealfrednobel.fr\/w\/services-lycee\/"},{"@type":"ListItem","position":3,"name":"Bourse"}]},{"@type":"WebSite","@id":"https:\/\/lyceealfrednobel.fr\/w\/#website","url":"https:\/\/lyceealfrednobel.fr\/w\/","name":"Lycee Alfred Nobel","description":"","publisher":{"@id":"https:\/\/lyceealfrednobel.fr\/w\/#organization"},"potentialAction":[{"@type":"SearchAction","target":{"@type":"EntryPoint","urlTemplate":"https:\/\/lyceealfrednobel.fr\/w\/?s={search_term_string}"},"query-input":{"@type":"PropertyValueSpecification","valueRequired":true,"valueName":"search_term_string"}}],"inLanguage":"fr-FR"},{"@type":"Organization","@id":"https:\/\/lyceealfrednobel.fr\/w\/#organization","name":"Lycee Alfred Nobel","url":"https:\/\/lyceealfrednobel.fr\/w\/","logo":{"@type":"ImageObject","inLanguage":"fr-FR","@id":"https:\/\/lyceealfrednobel.fr\/w\/#\/schema\/logo\/image\/","url":"https:\/\/lyceealfrednobel.fr\/w\/wp-content\/uploads\/2022\/06\/cropped-logopng.png","contentUrl":"https:\/\/lyceealfrednobel.fr\/w\/wp-content\/uploads\/2022\/06\/cropped-logopng.png","width":132,"height":155,"caption":"Lycee Alfred Nobel"},"image":{"@id":"https:\/\/lyceealfrednobel.fr\/w\/#\/schema\/logo\/image\/"}}]}},"uagb_featured_image_src":{"full":false,"thumbnail":false,"medium":false,"medium_large":false,"large":false,"1536x1536":false,"2048x2048":false,"ultp_layout_landscape_large":false,"ultp_layout_landscape":false,"ultp_layout_portrait":false,"ultp_layout_square":false,"psacp-medium":false},"uagb_author_info":{"display_name":"yheurteloup","author_link":"https:\/\/lyceealfrednobel.fr\/w\/author\/yheurteloup\/"},"uagb_comment_info":0,"uagb_excerpt":"Bourse Lyc\u00e9e : La campagne de bourse nationale de lyc\u00e9e pour l&rsquo;ann\u00e9e scolaire 2022-2023 est ouverte jusqu&rsquo; au 18 octobre [&hellip;]","rttpg_featured_image_url":null,"rttpg_author":{"display_name":"yheurteloup","author_link":"https:\/\/lyceealfrednobel.fr\/w\/author\/yheurteloup\/"},"rttpg_comment":0,"rttpg_category":null,"rttpg_excerpt":"Bourse Lyc\u00e9e : La campagne de bourse nationale de lyc\u00e9e pour l&rsquo;ann\u00e9e scolaire 2022-2023 est ouverte jusqu&rsquo; au 18 octobre [&hellip;]","_links":{"self":[{"href":"https:\/\/lyceealfrednobel.fr\/w\/wp-json\/wp\/v2\/pages\/522","targetHints":{"allow":["GET"]}}],"collection":[{"href":"https:\/\/lyceealfrednobel.fr\/w\/wp-json\/wp\/v2\/pages"}],"about":[{"href":"https:\/\/lyceealfrednobel.fr\/w\/wp-json\/wp\/v2\/types\/page"}],"author":[{"embeddable":true,"href":"https:\/\/lyceealfrednobel.fr\/w\/wp-json\/wp\/v2\/users\/1"}],"replies":[{"embeddable":true,"href":"https:\/\/lyceealfrednobel.fr\/w\/wp-json\/wp\/v2\/comments?post=522"}],"version-history":[{"count":1,"href":"https:\/\/lyceealfrednobel.fr\/w\/wp-json\/wp\/v2\/pages\/522\/revisions"}],"predecessor-version":[{"id":523,"href":"https:\/\/lyceealfrednobel.fr\/w\/wp-json\/wp\/v2\/pages\/522\/revisions\/523"}],"up":[{"embeddable":true,"href":"https:\/\/lyceealfrednobel.fr\/w\/wp-json\/wp\/v2\/pages\/524"}],"wp:attachment":[{"href":"https:\/\/lyceealfrednobel.fr\/w\/wp-json\/wp\/v2\/media?parent=522"}],"curies":[{"name":"wp","href":"https:\/\/api.w.org\/{rel}","templated":true}]}}