{"id":992,"date":"2023-02-10T23:05:45","date_gmt":"2023-02-10T22:05:45","guid":{"rendered":"http:\/\/lyceealfrednobel.fr\/w\/?page_id=992"},"modified":"2023-03-30T14:23:44","modified_gmt":"2023-03-30T12:23:44","slug":"bac-pro-melec","status":"publish","type":"page","link":"https:\/\/lyceealfrednobel.fr\/w\/formation\/voie-professionnelle\/bac-pro-melec\/","title":{"rendered":"BAC PRO MELEC"},"content":{"rendered":"\n<h2 class=\"wp-block-heading\" id=\"\u00c0_savoir\">\u00c0 savoir<\/h2>\n\n\n\n<p>Le titulaire du baccalaur\u00e9at professionnel M\u00e9tiers de l&rsquo;\u00e9lectricit\u00e9 et de ses environnements connect\u00e9s contribue \u00e0 la performance \u00e9nerg\u00e9tique des b\u00e2timents et des installations. Il s&rsquo;adapte \u00e0 l&rsquo;\u00e9volution des techniques, des technologies, des m\u00e9thodes et des mat\u00e9riels. Il participe \u00e0 l&rsquo;analyse des risques professionnels, de mise en \u0153uvre. Il respecte et fait respecter les exigences de sant\u00e9 et de s\u00e9curit\u00e9 au travail. Il respecte et met en \u0153uvre les r\u00e9glementations environnementales. Il propose des solutions techniques minimisant l&rsquo;impact sur l&rsquo;environnement. Il contribue \u00e0 la mise en \u0153uvre de la d\u00e9marche qualit\u00e9 de l&rsquo;entreprise. Il appr\u00e9hende la composante \u00e9conomique de ses travaux. Il communique (y compris en langue \u00e9trang\u00e8re) avec son environnement professionnel (client, hi\u00e9rarchie, \u00e9quipe, autres intervenants&#8230;). Il appr\u00e9hende l&rsquo;entreprise et son environnement. Il coordonne, apr\u00e8s exp\u00e9rience, une activit\u00e9 en \u00e9quipe.<\/p>\n\n\n\n<div class=\"wp-block-columns is-layout-flex wp-container-core-columns-is-layout-28f84493 wp-block-columns-is-layout-flex\">\n<div class=\"wp-block-column is-layout-flow wp-block-column-is-layout-flow\">\n<figure class=\"wp-block-video\"><video height=\"480\" style=\"aspect-ratio: 848 \/ 480;\" width=\"848\" controls src=\"http:\/\/lyceealfrednobel.fr\/w\/wp-content\/uploads\/2023\/02\/MELEC1.mp4\"><\/video><\/figure>\n<\/div>\n\n\n\n<div class=\"wp-block-column is-layout-flow wp-block-column-is-layout-flow\">\n<figure class=\"wp-block-video\"><video height=\"480\" style=\"aspect-ratio: 848 \/ 480;\" width=\"848\" controls src=\"http:\/\/lyceealfrednobel.fr\/w\/wp-content\/uploads\/2023\/02\/MELEC3.mp4\"><\/video><\/figure>\n<\/div>\n\n\n\n<div class=\"wp-block-column is-layout-flow wp-block-column-is-layout-flow\">\n<figure class=\"wp-block-video\"><video height=\"480\" style=\"aspect-ratio: 848 \/ 480;\" width=\"848\" controls src=\"http:\/\/lyceealfrednobel.fr\/w\/wp-content\/uploads\/2023\/02\/MELEC2.mp4\"><\/video><\/figure>\n<\/div>\n<\/div>\n\n\n\n<h2 class=\"wp-block-heading\">Les admissions<\/h2>\n\n\n\n<p>Ce bac pro se pr\u00e9pare en trois ans apr\u00e8s la classe de 3e. Les \u00e9l\u00e8ves entrent en classe de 2<sup><em>de<\/em><\/sup>\u00a0professionnelle\u00a0<strong>M\u00e9tiers des transitions num\u00e9rique et \u00e9nerg\u00e9tique<\/strong> en vue de pr\u00e9parer cette sp\u00e9cialit\u00e9 du bac pro.<\/p>\n\n\n\n<p>L&rsquo;acc\u00e8s est diff\u00e9rent pour les \u00e9l\u00e8ves en apprentissage qui entrent directement dans cette sp\u00e9cialit\u00e9 de bac pro sans passer par une 2<sup><em>de<\/em><\/sup>&nbsp;pro \u00ab\u00a0famille de m\u00e9tiers\u00a0\u00bb.<\/p>\n\n\n\n<p>Les \u00e9l\u00e8ves titulaires de certains CAP du m\u00eame secteur peuvent \u00e9galement le pr\u00e9parer en 2 ans sous certaines conditions.<\/p>\n\n\n\n<p>&nbsp;Exemple(s) de formation(s) requise(s)<\/p>\n\n\n\n<ul class=\"wp-block-list\">\n<li><a href=\"https:\/\/www.onisep.fr\/Ressources\/univers-formation\/Formations\/Lycees\/classe-de-2de-professionnelle-metiers-des-transitions-numerique-et-energetique\">Classe de 2de professionnelle m\u00e9tiers des transitions num\u00e9rique et \u00e9nerg\u00e9tique<\/a><\/li>\n\n\n\n<li><a href=\"https:\/\/www.onisep.fr\/Ressources\/univers-formation\/Formations\/Lycees\/cap-electricien\">CAP Electricien<\/a><\/li>\n<\/ul>\n\n\n\n<h2 class=\"wp-block-heading\">Les poursuites d&rsquo;\u00e9tudes<\/h2>\n\n\n\n<p>Le bac pro a pour premier objectif l&rsquo;insertion professionnelle mais, avec un tr\u00e8s bon dossier ou une mention \u00e0 l&rsquo;examen, une poursuite d&rsquo;\u00e9tudes est envisageable en BTS. Une sp\u00e9cialisation est possible en MC ou FCIL.<\/p>\n\n\n\n<p>&nbsp;Exemple(s) de formation(s) possible(s)<\/p>\n\n\n\n<ul class=\"wp-block-list\">\n<li><a href=\"https:\/\/www.onisep.fr\/Ressources\/univers-formation\/Formations\/Lycees\/technicien-de-travaux-sur-ascenseurs\">Technicien de travaux sur ascenseurs<\/a><\/li>\n\n\n\n<li><a href=\"https:\/\/www.onisep.fr\/Ressources\/univers-formation\/Formations\/Post-bac\/mc-technicien-ne-ascensoriste-service-et-modernisation\">MC Technicien(ne) ascensoriste (service et modernisation)<\/a><\/li>\n\n\n\n<li><a href=\"https:\/\/www.onisep.fr\/Ressources\/univers-formation\/Formations\/Post-bac\/mc-technicien-ne-en-reseaux-electriques\">MC Technicien(ne) en r\u00e9seaux \u00e9lectriques<\/a><\/li>\n\n\n\n<li><a href=\"https:\/\/www.onisep.fr\/Ressources\/univers-formation\/Formations\/Post-bac\/mc-technicien-en-energies-renouvelables-option-a-energie-electrique\">MC Technicien en \u00e9nergies renouvelables option A \u00e9nergie \u00e9lectrique<\/a><\/li>\n\n\n\n<li><a href=\"https:\/\/www.onisep.fr\/Ressources\/univers-formation\/Formations\/Post-bac\/bts-assistance-technique-d-ingenieur\">BTS Assistance technique d&rsquo;ing\u00e9nieur<\/a><\/li>\n\n\n\n<li><a href=\"https:\/\/www.onisep.fr\/Ressources\/univers-formation\/Formations\/Post-bac\/bts-conception-et-realisation-de-systemes-automatiques\">BTS Conception et r\u00e9alisation de syst\u00e8mes automatiques<\/a><\/li>\n\n\n\n<li><a href=\"https:\/\/www.onisep.fr\/Ressources\/univers-formation\/Formations\/Post-bac\/bts-controle-industriel-et-regulation-automatique\">BTS Contr\u00f4le industriel et r\u00e9gulation automatique<\/a><\/li>\n\n\n\n<li><a href=\"https:\/\/www.onisep.fr\/Ressources\/univers-formation\/Formations\/Post-bac\/bts-electrotechnique\">BTS \u00c9lectrotechnique<\/a><\/li>\n\n\n\n<li><a href=\"https:\/\/www.onisep.fr\/Ressources\/univers-formation\/Formations\/Post-bac\/bts-fluides-energies-domotique-option-a-genie-climatique-et-fluidique\">BTS Fluides, \u00e9nergies, domotique option A g\u00e9nie climatique et fluidique<\/a><\/li>\n\n\n\n<li><a href=\"https:\/\/www.onisep.fr\/Ressources\/univers-formation\/Formations\/Post-bac\/bts-fluides-energies-domotique-option-b-froid-et-conditionnement-d-air\">BTS Fluides, \u00e9nergies, domotique option B froid et conditionnement d&rsquo;air<\/a><\/li>\n\n\n\n<li><a href=\"https:\/\/www.onisep.fr\/Ressources\/univers-formation\/Formations\/Post-bac\/bts-fluides-energies-domotique-option-c-domotique-et-batiments-communicants\">BTS Fluides, \u00e9nergies, domotique option C domotique et b\u00e2timents communicants<\/a><\/li>\n<\/ul>\n","protected":false},"excerpt":{"rendered":"<p>\u00c0 savoir Le titulaire du baccalaur\u00e9at professionnel M\u00e9tiers de l&rsquo;\u00e9lectricit\u00e9 et de ses environnements connect\u00e9s contribue \u00e0 la performance \u00e9nerg\u00e9tique [&hellip;]<\/p>\n","protected":false},"author":1,"featured_media":0,"parent":986,"menu_order":0,"comment_status":"closed","ping_status":"closed","template":"","meta":{"_uag_custom_page_level_css":"","site-sidebar-layout":"default","site-content-layout":"","ast-site-content-layout":"","site-content-style":"default","site-sidebar-style":"default","ast-global-header-display":"","ast-banner-title-visibility":"","ast-main-header-display":"","ast-hfb-above-header-display":"","ast-hfb-below-header-display":"","ast-hfb-mobile-header-display":"","site-post-title":"","ast-breadcrumbs-content":"","ast-featured-img":"","footer-sml-layout":"","theme-transparent-header-meta":"","adv-header-id-meta":"","stick-header-meta":"","header-above-stick-meta":"","header-main-stick-meta":"","header-below-stick-meta":"","astra-migrate-meta-layouts":"default","ast-page-background-enabled":"default","ast-page-background-meta":{"desktop":{"background-color":"var(--ast-global-color-4)","background-image":"","background-repeat":"repeat","background-position":"center center","background-size":"auto","background-attachment":"scroll","background-type":"","background-media":"","overlay-type":"","overlay-color":"","overlay-opacity":"","overlay-gradient":""},"tablet":{"background-color":"","background-image":"","background-repeat":"repeat","background-position":"center center","background-size":"auto","background-attachment":"scroll","background-type":"","background-media":"","overlay-type":"","overlay-color":"","overlay-opacity":"","overlay-gradient":""},"mobile":{"background-color":"","background-image":"","background-repeat":"repeat","background-position":"center center","background-size":"auto","background-attachment":"scroll","background-type":"","background-media":"","overlay-type":"","overlay-color":"","overlay-opacity":"","overlay-gradient":""}},"ast-content-background-meta":{"desktop":{"background-color":"var(--ast-global-color-5)","background-image":"","background-repeat":"repeat","background-position":"center center","background-size":"auto","background-attachment":"scroll","background-type":"","background-media":"","overlay-type":"","overlay-color":"","overlay-opacity":"","overlay-gradient":""},"tablet":{"background-color":"var(--ast-global-color-5)","background-image":"","background-repeat":"repeat","background-position":"center center","background-size":"auto","background-attachment":"scroll","background-type":"","background-media":"","overlay-type":"","overlay-color":"","overlay-opacity":"","overlay-gradient":""},"mobile":{"background-color":"var(--ast-global-color-5)","background-image":"","background-repeat":"repeat","background-position":"center center","background-size":"auto","background-attachment":"scroll","background-type":"","background-media":"","overlay-type":"","overlay-color":"","overlay-opacity":"","overlay-gradient":""}},"footnotes":""},"class_list":["post-992","page","type-page","status-publish","hentry"],"yoast_head":"<!-- This site is optimized with the Yoast SEO plugin v26.7 - https:\/\/yoast.com\/wordpress\/plugins\/seo\/ -->\n<title>BAC PRO MELEC -<\/title>\n<meta name=\"robots\" content=\"index, follow, max-snippet:-1, max-image-preview:large, max-video-preview:-1\" \/>\n<link rel=\"canonical\" href=\"https:\/\/lyceealfrednobel.fr\/w\/formation\/voie-professionnelle\/bac-pro-melec\/\" \/>\n<meta property=\"og:locale\" content=\"fr_FR\" \/>\n<meta property=\"og:type\" content=\"article\" \/>\n<meta property=\"og:title\" content=\"BAC PRO MELEC -\" \/>\n<meta property=\"og:description\" content=\"\u00c0 savoir Le titulaire du baccalaur\u00e9at professionnel M\u00e9tiers de l&rsquo;\u00e9lectricit\u00e9 et de ses environnements connect\u00e9s contribue \u00e0 la performance \u00e9nerg\u00e9tique [&hellip;]\" \/>\n<meta property=\"og:url\" content=\"https:\/\/lyceealfrednobel.fr\/w\/formation\/voie-professionnelle\/bac-pro-melec\/\" \/>\n<meta property=\"article:modified_time\" content=\"2023-03-30T12:23:44+00:00\" \/>\n<meta name=\"twitter:card\" content=\"summary_large_image\" \/>\n<meta name=\"twitter:label1\" content=\"Dur\u00e9e de lecture estim\u00e9e\" \/>\n\t<meta name=\"twitter:data1\" content=\"2 minutes\" \/>\n<script type=\"application\/ld+json\" class=\"yoast-schema-graph\">{\"@context\":\"https:\/\/schema.org\",\"@graph\":[{\"@type\":\"WebPage\",\"@id\":\"https:\/\/lyceealfrednobel.fr\/w\/formation\/voie-professionnelle\/bac-pro-melec\/\",\"url\":\"https:\/\/lyceealfrednobel.fr\/w\/formation\/voie-professionnelle\/bac-pro-melec\/\",\"name\":\"BAC PRO MELEC -\",\"isPartOf\":{\"@id\":\"https:\/\/lyceealfrednobel.fr\/w\/#website\"},\"datePublished\":\"2023-02-10T22:05:45+00:00\",\"dateModified\":\"2023-03-30T12:23:44+00:00\",\"breadcrumb\":{\"@id\":\"https:\/\/lyceealfrednobel.fr\/w\/formation\/voie-professionnelle\/bac-pro-melec\/#breadcrumb\"},\"inLanguage\":\"fr-FR\",\"potentialAction\":[{\"@type\":\"ReadAction\",\"target\":[\"https:\/\/lyceealfrednobel.fr\/w\/formation\/voie-professionnelle\/bac-pro-melec\/\"]}]},{\"@type\":\"BreadcrumbList\",\"@id\":\"https:\/\/lyceealfrednobel.fr\/w\/formation\/voie-professionnelle\/bac-pro-melec\/#breadcrumb\",\"itemListElement\":[{\"@type\":\"ListItem\",\"position\":1,\"name\":\"Accueil\",\"item\":\"https:\/\/lyceealfrednobel.fr\/w\/\"},{\"@type\":\"ListItem\",\"position\":2,\"name\":\"FORMATIONS\",\"item\":\"https:\/\/lyceealfrednobel.fr\/w\/formation\/\"},{\"@type\":\"ListItem\",\"position\":3,\"name\":\"Voie Professionnelle\",\"item\":\"https:\/\/lyceealfrednobel.fr\/w\/formation\/voie-professionnelle\/\"},{\"@type\":\"ListItem\",\"position\":4,\"name\":\"BAC PRO MELEC\"}]},{\"@type\":\"WebSite\",\"@id\":\"https:\/\/lyceealfrednobel.fr\/w\/#website\",\"url\":\"https:\/\/lyceealfrednobel.fr\/w\/\",\"name\":\"Lycee Alfred Nobel\",\"description\":\"\",\"publisher\":{\"@id\":\"https:\/\/lyceealfrednobel.fr\/w\/#organization\"},\"potentialAction\":[{\"@type\":\"SearchAction\",\"target\":{\"@type\":\"EntryPoint\",\"urlTemplate\":\"https:\/\/lyceealfrednobel.fr\/w\/?s={search_term_string}\"},\"query-input\":{\"@type\":\"PropertyValueSpecification\",\"valueRequired\":true,\"valueName\":\"search_term_string\"}}],\"inLanguage\":\"fr-FR\"},{\"@type\":\"Organization\",\"@id\":\"https:\/\/lyceealfrednobel.fr\/w\/#organization\",\"name\":\"Lycee Alfred Nobel\",\"url\":\"https:\/\/lyceealfrednobel.fr\/w\/\",\"logo\":{\"@type\":\"ImageObject\",\"inLanguage\":\"fr-FR\",\"@id\":\"https:\/\/lyceealfrednobel.fr\/w\/#\/schema\/logo\/image\/\",\"url\":\"https:\/\/lyceealfrednobel.fr\/w\/wp-content\/uploads\/2022\/06\/cropped-logopng.png\",\"contentUrl\":\"https:\/\/lyceealfrednobel.fr\/w\/wp-content\/uploads\/2022\/06\/cropped-logopng.png\",\"width\":132,\"height\":155,\"caption\":\"Lycee Alfred Nobel\"},\"image\":{\"@id\":\"https:\/\/lyceealfrednobel.fr\/w\/#\/schema\/logo\/image\/\"}}]}<\/script>\n<!-- \/ Yoast SEO plugin. -->","yoast_head_json":{"title":"BAC PRO MELEC -","robots":{"index":"index","follow":"follow","max-snippet":"max-snippet:-1","max-image-preview":"max-image-preview:large","max-video-preview":"max-video-preview:-1"},"canonical":"https:\/\/lyceealfrednobel.fr\/w\/formation\/voie-professionnelle\/bac-pro-melec\/","og_locale":"fr_FR","og_type":"article","og_title":"BAC PRO MELEC -","og_description":"\u00c0 savoir Le titulaire du baccalaur\u00e9at professionnel M\u00e9tiers de l&rsquo;\u00e9lectricit\u00e9 et de ses environnements connect\u00e9s contribue \u00e0 la performance \u00e9nerg\u00e9tique [&hellip;]","og_url":"https:\/\/lyceealfrednobel.fr\/w\/formation\/voie-professionnelle\/bac-pro-melec\/","article_modified_time":"2023-03-30T12:23:44+00:00","twitter_card":"summary_large_image","twitter_misc":{"Dur\u00e9e de lecture estim\u00e9e":"2 minutes"},"schema":{"@context":"https:\/\/schema.org","@graph":[{"@type":"WebPage","@id":"https:\/\/lyceealfrednobel.fr\/w\/formation\/voie-professionnelle\/bac-pro-melec\/","url":"https:\/\/lyceealfrednobel.fr\/w\/formation\/voie-professionnelle\/bac-pro-melec\/","name":"BAC PRO MELEC -","isPartOf":{"@id":"https:\/\/lyceealfrednobel.fr\/w\/#website"},"datePublished":"2023-02-10T22:05:45+00:00","dateModified":"2023-03-30T12:23:44+00:00","breadcrumb":{"@id":"https:\/\/lyceealfrednobel.fr\/w\/formation\/voie-professionnelle\/bac-pro-melec\/#breadcrumb"},"inLanguage":"fr-FR","potentialAction":[{"@type":"ReadAction","target":["https:\/\/lyceealfrednobel.fr\/w\/formation\/voie-professionnelle\/bac-pro-melec\/"]}]},{"@type":"BreadcrumbList","@id":"https:\/\/lyceealfrednobel.fr\/w\/formation\/voie-professionnelle\/bac-pro-melec\/#breadcrumb","itemListElement":[{"@type":"ListItem","position":1,"name":"Accueil","item":"https:\/\/lyceealfrednobel.fr\/w\/"},{"@type":"ListItem","position":2,"name":"FORMATIONS","item":"https:\/\/lyceealfrednobel.fr\/w\/formation\/"},{"@type":"ListItem","position":3,"name":"Voie Professionnelle","item":"https:\/\/lyceealfrednobel.fr\/w\/formation\/voie-professionnelle\/"},{"@type":"ListItem","position":4,"name":"BAC PRO MELEC"}]},{"@type":"WebSite","@id":"https:\/\/lyceealfrednobel.fr\/w\/#website","url":"https:\/\/lyceealfrednobel.fr\/w\/","name":"Lycee Alfred Nobel","description":"","publisher":{"@id":"https:\/\/lyceealfrednobel.fr\/w\/#organization"},"potentialAction":[{"@type":"SearchAction","target":{"@type":"EntryPoint","urlTemplate":"https:\/\/lyceealfrednobel.fr\/w\/?s={search_term_string}"},"query-input":{"@type":"PropertyValueSpecification","valueRequired":true,"valueName":"search_term_string"}}],"inLanguage":"fr-FR"},{"@type":"Organization","@id":"https:\/\/lyceealfrednobel.fr\/w\/#organization","name":"Lycee Alfred Nobel","url":"https:\/\/lyceealfrednobel.fr\/w\/","logo":{"@type":"ImageObject","inLanguage":"fr-FR","@id":"https:\/\/lyceealfrednobel.fr\/w\/#\/schema\/logo\/image\/","url":"https:\/\/lyceealfrednobel.fr\/w\/wp-content\/uploads\/2022\/06\/cropped-logopng.png","contentUrl":"https:\/\/lyceealfrednobel.fr\/w\/wp-content\/uploads\/2022\/06\/cropped-logopng.png","width":132,"height":155,"caption":"Lycee Alfred Nobel"},"image":{"@id":"https:\/\/lyceealfrednobel.fr\/w\/#\/schema\/logo\/image\/"}}]}},"uagb_featured_image_src":{"full":false,"thumbnail":false,"medium":false,"medium_large":false,"large":false,"1536x1536":false,"2048x2048":false,"ultp_layout_landscape_large":false,"ultp_layout_landscape":false,"ultp_layout_portrait":false,"ultp_layout_square":false,"psacp-medium":false},"uagb_author_info":{"display_name":"yheurteloup","author_link":"https:\/\/lyceealfrednobel.fr\/w\/author\/yheurteloup\/"},"uagb_comment_info":0,"uagb_excerpt":"\u00c0 savoir Le titulaire du baccalaur\u00e9at professionnel M\u00e9tiers de l&rsquo;\u00e9lectricit\u00e9 et de ses environnements connect\u00e9s contribue \u00e0 la performance \u00e9nerg\u00e9tique [&hellip;]","rttpg_featured_image_url":null,"rttpg_author":{"display_name":"yheurteloup","author_link":"https:\/\/lyceealfrednobel.fr\/w\/author\/yheurteloup\/"},"rttpg_comment":0,"rttpg_category":null,"rttpg_excerpt":"\u00c0 savoir Le titulaire du baccalaur\u00e9at professionnel M\u00e9tiers de l&rsquo;\u00e9lectricit\u00e9 et de ses environnements connect\u00e9s contribue \u00e0 la performance \u00e9nerg\u00e9tique [&hellip;]","_links":{"self":[{"href":"https:\/\/lyceealfrednobel.fr\/w\/wp-json\/wp\/v2\/pages\/992","targetHints":{"allow":["GET"]}}],"collection":[{"href":"https:\/\/lyceealfrednobel.fr\/w\/wp-json\/wp\/v2\/pages"}],"about":[{"href":"https:\/\/lyceealfrednobel.fr\/w\/wp-json\/wp\/v2\/types\/page"}],"author":[{"embeddable":true,"href":"https:\/\/lyceealfrednobel.fr\/w\/wp-json\/wp\/v2\/users\/1"}],"replies":[{"embeddable":true,"href":"https:\/\/lyceealfrednobel.fr\/w\/wp-json\/wp\/v2\/comments?post=992"}],"version-history":[{"count":2,"href":"https:\/\/lyceealfrednobel.fr\/w\/wp-json\/wp\/v2\/pages\/992\/revisions"}],"predecessor-version":[{"id":995,"href":"https:\/\/lyceealfrednobel.fr\/w\/wp-json\/wp\/v2\/pages\/992\/revisions\/995"}],"up":[{"embeddable":true,"href":"https:\/\/lyceealfrednobel.fr\/w\/wp-json\/wp\/v2\/pages\/986"}],"wp:attachment":[{"href":"https:\/\/lyceealfrednobel.fr\/w\/wp-json\/wp\/v2\/media?parent=992"}],"curies":[{"name":"wp","href":"https:\/\/api.w.org\/{rel}","templated":true}]}}